{"id":111,"date":"2019-06-02T04:13:26","date_gmt":"2019-06-02T02:13:26","guid":{"rendered":"http:\/\/womenhouse.cz\/?page_id=111"},"modified":"2019-06-02T04:14:06","modified_gmt":"2019-06-02T02:14:06","slug":"medialni-skupina-hmg","status":"publish","type":"page","link":"https:\/\/womenhouse.cz\/index.php\/medialni-skupina-hmg\/","title":{"rendered":"Medialn\u00ed skupina HMG"},"content":{"rendered":"\n<p><strong>HOUSE Media Group<\/strong>&nbsp;je seskupen\u00ed n\u011bkolika aktivn\u00edch subjekt\u016f v oblasti medi\u00ed, kter\u00e9 se ke konci roku 2018 spojily v jednu zna\u010dku\/firmu, pod kterou budou spole\u010dn\u011b vystupovat. Z\u00e1rove\u0148 na za\u010d\u00e1tku roku 2019 do spole\u010dnosti vstoup\u00ed zahrani\u010dn\u00ed kapit\u00e1l, d\u00edky kter\u00e9mu se bude medi\u00e1ln\u00ed skupina HMG je\u0161t\u011b v\u00edce roz\u0161i\u0159ovat a zv\u011bt\u0161ovat, aby pos\u00edlila svoji pozici na \u010desk\u00e9m trhu.<\/p>\n\n\n\n<pre class=\"wp-block-preformatted\"><strong>HOUSE Media Group s.r.o.<\/strong> <br>Rybn\u00e1 716\/24, Praha 1 - Star\u00e9 M\u011bsto, 110 00 <br>I\u010c: 07647999 <br>Spole\u010dnost veden\u00e1 u M\u011bstsk\u00e9ho soudu v\u00a0Praze, odd\u00edl C 304437<\/pre>\n","protected":false},"excerpt":{"rendered":"<p>HOUSE Media Group&nbsp;je seskupen\u00ed n\u011bkolika aktivn\u00edch subjekt\u016f v oblasti medi\u00ed, kter\u00e9 se ke konci roku 2018 spojily v jednu zna\u010dku\/firmu, pod kterou budou spole\u010dn\u011b vystupovat. Z\u00e1rove\u0148 na za\u010d\u00e1tku roku 2019 do spole\u010dnosti vstoup\u00ed zahrani\u010dn\u00ed kapit\u00e1l, d\u00edky kter\u00e9mu se bude medi\u00e1ln\u00ed skupina HMG je\u0161t\u011b v\u00edce roz\u0161i\u0159ovat a zv\u011bt\u0161ovat, aby pos\u00edlila svoji pozici na \u010desk\u00e9m trhu. HOUSE [&hellip;]<\/p>\n","protected":false},"author":1,"featured_media":0,"parent":0,"menu_order":0,"comment_status":"closed","ping_status":"closed","template":"","meta":{"_mi_skip_tracking":false,"_monsterinsights_sitenote_active":false,"_monsterinsights_sitenote_note":"","_monsterinsights_sitenote_category":0,"footnotes":""},"yoast_head":"<!-- This site is optimized with the Yoast SEO plugin v21.5 - https:\/\/yoast.com\/wordpress\/plugins\/seo\/ -->\n<title>Medialn\u00ed skupina HMG - WOMENHOUSE.cz<\/title>\n<meta name=\"robots\" content=\"index, follow, max-snippet:-1, max-image-preview:large, max-video-preview:-1\" \/>\n<link rel=\"canonical\" href=\"https:\/\/womenhouse.cz\/index.php\/medialni-skupina-hmg\/\" \/>\n<meta property=\"og:locale\" content=\"cs_CZ\" \/>\n<meta property=\"og:type\" content=\"article\" \/>\n<meta property=\"og:title\" content=\"Medialn\u00ed skupina HMG - WOMENHOUSE.cz\" \/>\n<meta property=\"og:description\" content=\"HOUSE Media Group&nbsp;je seskupen\u00ed n\u011bkolika aktivn\u00edch subjekt\u016f v oblasti medi\u00ed, kter\u00e9 se ke konci roku 2018 spojily v jednu zna\u010dku\/firmu, pod kterou budou spole\u010dn\u011b vystupovat. Z\u00e1rove\u0148 na za\u010d\u00e1tku roku 2019 do spole\u010dnosti vstoup\u00ed zahrani\u010dn\u00ed kapit\u00e1l, d\u00edky kter\u00e9mu se bude medi\u00e1ln\u00ed skupina HMG je\u0161t\u011b v\u00edce roz\u0161i\u0159ovat a zv\u011bt\u0161ovat, aby pos\u00edlila svoji pozici na \u010desk\u00e9m trhu. HOUSE [&hellip;]\" \/>\n<meta property=\"og:url\" content=\"https:\/\/womenhouse.cz\/index.php\/medialni-skupina-hmg\/\" \/>\n<meta property=\"og:site_name\" content=\"WOMENHOUSE.cz\" \/>\n<meta property=\"article:publisher\" content=\"https:\/\/www.facebook.com\/womenhousecz\" \/>\n<meta property=\"article:modified_time\" content=\"2019-06-02T02:14:06+00:00\" \/>\n<meta name=\"twitter:card\" content=\"summary_large_image\" \/>\n<meta name=\"twitter:label1\" content=\"Odhadovan\u00e1 doba \u010dten\u00ed\" \/>\n\t<meta name=\"twitter:data1\" content=\"1 minuta\" \/>\n<script type=\"application\/ld+json\" class=\"yoast-schema-graph\">{\"@context\":\"https:\/\/schema.org\",\"@graph\":[{\"@type\":\"WebPage\",\"@id\":\"https:\/\/womenhouse.cz\/index.php\/medialni-skupina-hmg\/\",\"url\":\"https:\/\/womenhouse.cz\/index.php\/medialni-skupina-hmg\/\",\"name\":\"Medialn\u00ed skupina HMG - WOMENHOUSE.cz\",\"isPartOf\":{\"@id\":\"https:\/\/womenhouse.cz\/#website\"},\"datePublished\":\"2019-06-02T02:13:26+00:00\",\"dateModified\":\"2019-06-02T02:14:06+00:00\",\"breadcrumb\":{\"@id\":\"https:\/\/womenhouse.cz\/index.php\/medialni-skupina-hmg\/#breadcrumb\"},\"inLanguage\":\"cs\",\"potentialAction\":[{\"@type\":\"ReadAction\",\"target\":[\"https:\/\/womenhouse.cz\/index.php\/medialni-skupina-hmg\/\"]}]},{\"@type\":\"BreadcrumbList\",\"@id\":\"https:\/\/womenhouse.cz\/index.php\/medialni-skupina-hmg\/#breadcrumb\",\"itemListElement\":[{\"@type\":\"ListItem\",\"position\":1,\"name\":\"Dom\u016f\",\"item\":\"https:\/\/womenhouse.cz\/\"},{\"@type\":\"ListItem\",\"position\":2,\"name\":\"Medialn\u00ed skupina HMG\"}]},{\"@type\":\"WebSite\",\"@id\":\"https:\/\/womenhouse.cz\/#website\",\"url\":\"https:\/\/womenhouse.cz\/\",\"name\":\"WOMENHOUSE.cz\",\"description\":\"Port\u00e1l v\u00fdhradn\u011b jen pro \u017eeny...\",\"publisher\":{\"@id\":\"https:\/\/womenhouse.cz\/#organization\"},\"potentialAction\":[{\"@type\":\"SearchAction\",\"target\":{\"@type\":\"EntryPoint\",\"urlTemplate\":\"https:\/\/womenhouse.cz\/?s={search_term_string}\"},\"query-input\":\"required name=search_term_string\"}],\"inLanguage\":\"cs\"},{\"@type\":\"Organization\",\"@id\":\"https:\/\/womenhouse.cz\/#organization\",\"name\":\"WOMENHOUSE.cz\",\"url\":\"https:\/\/womenhouse.cz\/\",\"logo\":{\"@type\":\"ImageObject\",\"inLanguage\":\"cs\",\"@id\":\"https:\/\/womenhouse.cz\/#\/schema\/logo\/image\/\",\"url\":\"https:\/\/womenhouse.cz\/wp-content\/uploads\/2020\/06\/cropped-logo_Womenhouse_RGB-02-removebg-preview-1.png\",\"contentUrl\":\"https:\/\/womenhouse.cz\/wp-content\/uploads\/2020\/06\/cropped-logo_Womenhouse_RGB-02-removebg-preview-1.png\",\"width\":561,\"height\":375,\"caption\":\"WOMENHOUSE.cz\"},\"image\":{\"@id\":\"https:\/\/womenhouse.cz\/#\/schema\/logo\/image\/\"},\"sameAs\":[\"https:\/\/www.facebook.com\/womenhousecz\",\"https:\/\/www.instagram.com\/womenhousecz\/\"]}]}<\/script>\n<!-- \/ Yoast SEO plugin. -->","yoast_head_json":{"title":"Medialn\u00ed skupina HMG - WOMENHOUSE.cz","robots":{"index":"index","follow":"follow","max-snippet":"max-snippet:-1","max-image-preview":"max-image-preview:large","max-video-preview":"max-video-preview:-1"},"canonical":"https:\/\/womenhouse.cz\/index.php\/medialni-skupina-hmg\/","og_locale":"cs_CZ","og_type":"article","og_title":"Medialn\u00ed skupina HMG - WOMENHOUSE.cz","og_description":"HOUSE Media Group&nbsp;je seskupen\u00ed n\u011bkolika aktivn\u00edch subjekt\u016f v oblasti medi\u00ed, kter\u00e9 se ke konci roku 2018 spojily v jednu zna\u010dku\/firmu, pod kterou budou spole\u010dn\u011b vystupovat. Z\u00e1rove\u0148 na za\u010d\u00e1tku roku 2019 do spole\u010dnosti vstoup\u00ed zahrani\u010dn\u00ed kapit\u00e1l, d\u00edky kter\u00e9mu se bude medi\u00e1ln\u00ed skupina HMG je\u0161t\u011b v\u00edce roz\u0161i\u0159ovat a zv\u011bt\u0161ovat, aby pos\u00edlila svoji pozici na \u010desk\u00e9m trhu. HOUSE [&hellip;]","og_url":"https:\/\/womenhouse.cz\/index.php\/medialni-skupina-hmg\/","og_site_name":"WOMENHOUSE.cz","article_publisher":"https:\/\/www.facebook.com\/womenhousecz","article_modified_time":"2019-06-02T02:14:06+00:00","twitter_card":"summary_large_image","twitter_misc":{"Odhadovan\u00e1 doba \u010dten\u00ed":"1 minuta"},"schema":{"@context":"https:\/\/schema.org","@graph":[{"@type":"WebPage","@id":"https:\/\/womenhouse.cz\/index.php\/medialni-skupina-hmg\/","url":"https:\/\/womenhouse.cz\/index.php\/medialni-skupina-hmg\/","name":"Medialn\u00ed skupina HMG - WOMENHOUSE.cz","isPartOf":{"@id":"https:\/\/womenhouse.cz\/#website"},"datePublished":"2019-06-02T02:13:26+00:00","dateModified":"2019-06-02T02:14:06+00:00","breadcrumb":{"@id":"https:\/\/womenhouse.cz\/index.php\/medialni-skupina-hmg\/#breadcrumb"},"inLanguage":"cs","potentialAction":[{"@type":"ReadAction","target":["https:\/\/womenhouse.cz\/index.php\/medialni-skupina-hmg\/"]}]},{"@type":"BreadcrumbList","@id":"https:\/\/womenhouse.cz\/index.php\/medialni-skupina-hmg\/#breadcrumb","itemListElement":[{"@type":"ListItem","position":1,"name":"Dom\u016f","item":"https:\/\/womenhouse.cz\/"},{"@type":"ListItem","position":2,"name":"Medialn\u00ed skupina HMG"}]},{"@type":"WebSite","@id":"https:\/\/womenhouse.cz\/#website","url":"https:\/\/womenhouse.cz\/","name":"WOMENHOUSE.cz","description":"Port\u00e1l v\u00fdhradn\u011b jen pro \u017eeny...","publisher":{"@id":"https:\/\/womenhouse.cz\/#organization"},"potentialAction":[{"@type":"SearchAction","target":{"@type":"EntryPoint","urlTemplate":"https:\/\/womenhouse.cz\/?s={search_term_string}"},"query-input":"required name=search_term_string"}],"inLanguage":"cs"},{"@type":"Organization","@id":"https:\/\/womenhouse.cz\/#organization","name":"WOMENHOUSE.cz","url":"https:\/\/womenhouse.cz\/","logo":{"@type":"ImageObject","inLanguage":"cs","@id":"https:\/\/womenhouse.cz\/#\/schema\/logo\/image\/","url":"https:\/\/womenhouse.cz\/wp-content\/uploads\/2020\/06\/cropped-logo_Womenhouse_RGB-02-removebg-preview-1.png","contentUrl":"https:\/\/womenhouse.cz\/wp-content\/uploads\/2020\/06\/cropped-logo_Womenhouse_RGB-02-removebg-preview-1.png","width":561,"height":375,"caption":"WOMENHOUSE.cz"},"image":{"@id":"https:\/\/womenhouse.cz\/#\/schema\/logo\/image\/"},"sameAs":["https:\/\/www.facebook.com\/womenhousecz","https:\/\/www.instagram.com\/womenhousecz\/"]}]}},"_links":{"self":[{"href":"https:\/\/womenhouse.cz\/index.php\/wp-json\/wp\/v2\/pages\/111"}],"collection":[{"href":"https:\/\/womenhouse.cz\/index.php\/wp-json\/wp\/v2\/pages"}],"about":[{"href":"https:\/\/womenhouse.cz\/index.php\/wp-json\/wp\/v2\/types\/page"}],"author":[{"embeddable":true,"href":"https:\/\/womenhouse.cz\/index.php\/wp-json\/wp\/v2\/users\/1"}],"replies":[{"embeddable":true,"href":"https:\/\/womenhouse.cz\/index.php\/wp-json\/wp\/v2\/comments?post=111"}],"version-history":[{"count":-3,"href":"https:\/\/womenhouse.cz\/index.php\/wp-json\/wp\/v2\/pages\/111\/revisions"}],"wp:attachment":[{"href":"https:\/\/womenhouse.cz\/index.php\/wp-json\/wp\/v2\/media?parent=111"}],"curies":[{"name":"wp","href":"https:\/\/api.w.org\/{rel}","templated":true}]}}