{"id":109,"date":"2019-06-02T04:13:04","date_gmt":"2019-06-02T02:13:04","guid":{"rendered":"http:\/\/womenhouse.cz\/?page_id=109"},"modified":"2023-06-14T17:08:28","modified_gmt":"2023-06-14T15:08:28","slug":"redakce","status":"publish","type":"page","link":"https:\/\/womenhouse.cz\/index.php\/redakce\/","title":{"rendered":"Redakce"},"content":{"rendered":"\n<p><strong>\u0160\u00e9fredaktor &amp; CEO :<\/strong><\/p>\n\n\n\n<p>Mikol\u00e1\u0161ek Ivo<\/p>\n\n\n\n<div style=\"height:30px\" aria-hidden=\"true\" class=\"wp-block-spacer\"><\/div>\n\n\n\n<p><strong>Z\u00e1stupce \u0161\u00e9fredaktora a editorka :<\/strong><\/p>\n\n\n\n<p>Pechov\u00e1 Jordana<\/p>\n\n\n\n<div style=\"height:30px\" aria-hidden=\"true\" class=\"wp-block-spacer\"><\/div>\n\n\n\n<p><strong>Produk\u010dn\u00ed obchodn\u00edho odd\u011blen\u00ed :<\/strong><\/p>\n\n\n\n<p>Ol\u0161ansk\u00e1 Tereza<\/p>\n\n\n\n<div style=\"height:30px\" aria-hidden=\"true\" class=\"wp-block-spacer\"><\/div>\n\n\n\n<p><strong>Redakce :<\/strong><\/p>\n\n\n\n<p>Hol\u00e1\u0148ov\u00e1 Jolana<\/p>\n\n\n\n<p>Pechov\u00e1 Jordana<\/p>\n\n\n\n<p>Kub\u00edkov\u00e1 Petra<\/p>\n\n\n\n<p>Mgr. Van\u011bk Miroslav<\/p>\n\n\n\n<div style=\"height:30px\" aria-hidden=\"true\" class=\"wp-block-spacer\"><\/div>\n\n\n\n<p><strong>Fotograf a kameraman :<\/strong><\/p>\n\n\n\n<p>MENHOUSEMAN.cz<\/p>\n\n\n\n<div style=\"height:30px\" aria-hidden=\"true\" class=\"wp-block-spacer\"><\/div>\n\n\n\n<p><strong>Jazykov\u00e9 korektury :<\/strong><\/p>\n\n\n\n<p>Ing. Vladim\u00edra Krej\u010d\u00edkov\u00e1<\/p>\n\n\n\n<div style=\"height:30px\" aria-hidden=\"true\" class=\"wp-block-spacer\"><\/div>\n\n\n\n<p><strong>Pr\u00e1vn\u00ed odd\u011blen\u00ed HMG :<\/strong><\/p>\n\n\n\n<p>Mgr. Hudek Tom\u00e1\u0161<\/p>\n\n\n\n<div style=\"height:100px\" aria-hidden=\"true\" class=\"wp-block-spacer\"><\/div>\n","protected":false},"excerpt":{"rendered":"<p>\u0160\u00e9fredaktor &amp; CEO : Mikol\u00e1\u0161ek Ivo Z\u00e1stupce \u0161\u00e9fredaktora a editorka : Pechov\u00e1 Jordana Produk\u010dn\u00ed obchodn\u00edho odd\u011blen\u00ed : Ol\u0161ansk\u00e1 Tereza Redakce : Hol\u00e1\u0148ov\u00e1 Jolana Pechov\u00e1 Jordana Kub\u00edkov\u00e1 Petra Mgr. Van\u011bk Miroslav Fotograf a kameraman : MENHOUSEMAN.cz Jazykov\u00e9 korektury : Ing. Vladim\u00edra Krej\u010d\u00edkov\u00e1 Pr\u00e1vn\u00ed odd\u011blen\u00ed HMG : Mgr. Hudek Tom\u00e1\u0161<\/p>\n","protected":false},"author":1,"featured_media":0,"parent":0,"menu_order":0,"comment_status":"closed","ping_status":"closed","template":"","meta":{"_mi_skip_tracking":false,"_monsterinsights_sitenote_active":false,"_monsterinsights_sitenote_note":"","_monsterinsights_sitenote_category":0,"footnotes":""},"yoast_head":"<!-- This site is optimized with the Yoast SEO plugin v21.5 - https:\/\/yoast.com\/wordpress\/plugins\/seo\/ -->\n<title>Redakce - WOMENHOUSE.cz<\/title>\n<meta name=\"robots\" content=\"index, follow, max-snippet:-1, max-image-preview:large, max-video-preview:-1\" \/>\n<link rel=\"canonical\" href=\"https:\/\/womenhouse.cz\/index.php\/redakce\/\" \/>\n<meta property=\"og:locale\" content=\"cs_CZ\" \/>\n<meta property=\"og:type\" content=\"article\" \/>\n<meta property=\"og:title\" content=\"Redakce - WOMENHOUSE.cz\" \/>\n<meta property=\"og:description\" content=\"\u0160\u00e9fredaktor &amp; CEO : Mikol\u00e1\u0161ek Ivo Z\u00e1stupce \u0161\u00e9fredaktora a editorka : Pechov\u00e1 Jordana Produk\u010dn\u00ed obchodn\u00edho odd\u011blen\u00ed : Ol\u0161ansk\u00e1 Tereza Redakce : Hol\u00e1\u0148ov\u00e1 Jolana Pechov\u00e1 Jordana Kub\u00edkov\u00e1 Petra Mgr. Van\u011bk Miroslav Fotograf a kameraman : MENHOUSEMAN.cz Jazykov\u00e9 korektury : Ing. Vladim\u00edra Krej\u010d\u00edkov\u00e1 Pr\u00e1vn\u00ed odd\u011blen\u00ed HMG : Mgr. Hudek Tom\u00e1\u0161\" \/>\n<meta property=\"og:url\" content=\"https:\/\/womenhouse.cz\/index.php\/redakce\/\" \/>\n<meta property=\"og:site_name\" content=\"WOMENHOUSE.cz\" \/>\n<meta property=\"article:publisher\" content=\"https:\/\/www.facebook.com\/womenhousecz\" \/>\n<meta property=\"article:modified_time\" content=\"2023-06-14T15:08:28+00:00\" \/>\n<meta name=\"twitter:card\" content=\"summary_large_image\" \/>\n<script type=\"application\/ld+json\" class=\"yoast-schema-graph\">{\"@context\":\"https:\/\/schema.org\",\"@graph\":[{\"@type\":\"WebPage\",\"@id\":\"https:\/\/womenhouse.cz\/index.php\/redakce\/\",\"url\":\"https:\/\/womenhouse.cz\/index.php\/redakce\/\",\"name\":\"Redakce - WOMENHOUSE.cz\",\"isPartOf\":{\"@id\":\"https:\/\/womenhouse.cz\/#website\"},\"datePublished\":\"2019-06-02T02:13:04+00:00\",\"dateModified\":\"2023-06-14T15:08:28+00:00\",\"breadcrumb\":{\"@id\":\"https:\/\/womenhouse.cz\/index.php\/redakce\/#breadcrumb\"},\"inLanguage\":\"cs\",\"potentialAction\":[{\"@type\":\"ReadAction\",\"target\":[\"https:\/\/womenhouse.cz\/index.php\/redakce\/\"]}]},{\"@type\":\"BreadcrumbList\",\"@id\":\"https:\/\/womenhouse.cz\/index.php\/redakce\/#breadcrumb\",\"itemListElement\":[{\"@type\":\"ListItem\",\"position\":1,\"name\":\"Dom\u016f\",\"item\":\"https:\/\/womenhouse.cz\/\"},{\"@type\":\"ListItem\",\"position\":2,\"name\":\"Redakce\"}]},{\"@type\":\"WebSite\",\"@id\":\"https:\/\/womenhouse.cz\/#website\",\"url\":\"https:\/\/womenhouse.cz\/\",\"name\":\"WOMENHOUSE.cz\",\"description\":\"Port\u00e1l v\u00fdhradn\u011b jen pro \u017eeny...\",\"publisher\":{\"@id\":\"https:\/\/womenhouse.cz\/#organization\"},\"potentialAction\":[{\"@type\":\"SearchAction\",\"target\":{\"@type\":\"EntryPoint\",\"urlTemplate\":\"https:\/\/womenhouse.cz\/?s={search_term_string}\"},\"query-input\":\"required name=search_term_string\"}],\"inLanguage\":\"cs\"},{\"@type\":\"Organization\",\"@id\":\"https:\/\/womenhouse.cz\/#organization\",\"name\":\"WOMENHOUSE.cz\",\"url\":\"https:\/\/womenhouse.cz\/\",\"logo\":{\"@type\":\"ImageObject\",\"inLanguage\":\"cs\",\"@id\":\"https:\/\/womenhouse.cz\/#\/schema\/logo\/image\/\",\"url\":\"https:\/\/womenhouse.cz\/wp-content\/uploads\/2020\/06\/cropped-logo_Womenhouse_RGB-02-removebg-preview-1.png\",\"contentUrl\":\"https:\/\/womenhouse.cz\/wp-content\/uploads\/2020\/06\/cropped-logo_Womenhouse_RGB-02-removebg-preview-1.png\",\"width\":561,\"height\":375,\"caption\":\"WOMENHOUSE.cz\"},\"image\":{\"@id\":\"https:\/\/womenhouse.cz\/#\/schema\/logo\/image\/\"},\"sameAs\":[\"https:\/\/www.facebook.com\/womenhousecz\",\"https:\/\/www.instagram.com\/womenhousecz\/\"]}]}<\/script>\n<!-- \/ Yoast SEO plugin. -->","yoast_head_json":{"title":"Redakce - WOMENHOUSE.cz","robots":{"index":"index","follow":"follow","max-snippet":"max-snippet:-1","max-image-preview":"max-image-preview:large","max-video-preview":"max-video-preview:-1"},"canonical":"https:\/\/womenhouse.cz\/index.php\/redakce\/","og_locale":"cs_CZ","og_type":"article","og_title":"Redakce - WOMENHOUSE.cz","og_description":"\u0160\u00e9fredaktor &amp; CEO : Mikol\u00e1\u0161ek Ivo Z\u00e1stupce \u0161\u00e9fredaktora a editorka : Pechov\u00e1 Jordana Produk\u010dn\u00ed obchodn\u00edho odd\u011blen\u00ed : Ol\u0161ansk\u00e1 Tereza Redakce : Hol\u00e1\u0148ov\u00e1 Jolana Pechov\u00e1 Jordana Kub\u00edkov\u00e1 Petra Mgr. Van\u011bk Miroslav Fotograf a kameraman : MENHOUSEMAN.cz Jazykov\u00e9 korektury : Ing. Vladim\u00edra Krej\u010d\u00edkov\u00e1 Pr\u00e1vn\u00ed odd\u011blen\u00ed HMG : Mgr. Hudek Tom\u00e1\u0161","og_url":"https:\/\/womenhouse.cz\/index.php\/redakce\/","og_site_name":"WOMENHOUSE.cz","article_publisher":"https:\/\/www.facebook.com\/womenhousecz","article_modified_time":"2023-06-14T15:08:28+00:00","twitter_card":"summary_large_image","schema":{"@context":"https:\/\/schema.org","@graph":[{"@type":"WebPage","@id":"https:\/\/womenhouse.cz\/index.php\/redakce\/","url":"https:\/\/womenhouse.cz\/index.php\/redakce\/","name":"Redakce - WOMENHOUSE.cz","isPartOf":{"@id":"https:\/\/womenhouse.cz\/#website"},"datePublished":"2019-06-02T02:13:04+00:00","dateModified":"2023-06-14T15:08:28+00:00","breadcrumb":{"@id":"https:\/\/womenhouse.cz\/index.php\/redakce\/#breadcrumb"},"inLanguage":"cs","potentialAction":[{"@type":"ReadAction","target":["https:\/\/womenhouse.cz\/index.php\/redakce\/"]}]},{"@type":"BreadcrumbList","@id":"https:\/\/womenhouse.cz\/index.php\/redakce\/#breadcrumb","itemListElement":[{"@type":"ListItem","position":1,"name":"Dom\u016f","item":"https:\/\/womenhouse.cz\/"},{"@type":"ListItem","position":2,"name":"Redakce"}]},{"@type":"WebSite","@id":"https:\/\/womenhouse.cz\/#website","url":"https:\/\/womenhouse.cz\/","name":"WOMENHOUSE.cz","description":"Port\u00e1l v\u00fdhradn\u011b jen pro \u017eeny...","publisher":{"@id":"https:\/\/womenhouse.cz\/#organization"},"potentialAction":[{"@type":"SearchAction","target":{"@type":"EntryPoint","urlTemplate":"https:\/\/womenhouse.cz\/?s={search_term_string}"},"query-input":"required name=search_term_string"}],"inLanguage":"cs"},{"@type":"Organization","@id":"https:\/\/womenhouse.cz\/#organization","name":"WOMENHOUSE.cz","url":"https:\/\/womenhouse.cz\/","logo":{"@type":"ImageObject","inLanguage":"cs","@id":"https:\/\/womenhouse.cz\/#\/schema\/logo\/image\/","url":"https:\/\/womenhouse.cz\/wp-content\/uploads\/2020\/06\/cropped-logo_Womenhouse_RGB-02-removebg-preview-1.png","contentUrl":"https:\/\/womenhouse.cz\/wp-content\/uploads\/2020\/06\/cropped-logo_Womenhouse_RGB-02-removebg-preview-1.png","width":561,"height":375,"caption":"WOMENHOUSE.cz"},"image":{"@id":"https:\/\/womenhouse.cz\/#\/schema\/logo\/image\/"},"sameAs":["https:\/\/www.facebook.com\/womenhousecz","https:\/\/www.instagram.com\/womenhousecz\/"]}]}},"_links":{"self":[{"href":"https:\/\/womenhouse.cz\/index.php\/wp-json\/wp\/v2\/pages\/109"}],"collection":[{"href":"https:\/\/womenhouse.cz\/index.php\/wp-json\/wp\/v2\/pages"}],"about":[{"href":"https:\/\/womenhouse.cz\/index.php\/wp-json\/wp\/v2\/types\/page"}],"author":[{"embeddable":true,"href":"https:\/\/womenhouse.cz\/index.php\/wp-json\/wp\/v2\/users\/1"}],"replies":[{"embeddable":true,"href":"https:\/\/womenhouse.cz\/index.php\/wp-json\/wp\/v2\/comments?post=109"}],"version-history":[{"count":6,"href":"https:\/\/womenhouse.cz\/index.php\/wp-json\/wp\/v2\/pages\/109\/revisions"}],"predecessor-version":[{"id":9852,"href":"https:\/\/womenhouse.cz\/index.php\/wp-json\/wp\/v2\/pages\/109\/revisions\/9852"}],"wp:attachment":[{"href":"https:\/\/womenhouse.cz\/index.php\/wp-json\/wp\/v2\/media?parent=109"}],"curies":[{"name":"wp","href":"https:\/\/api.w.org\/{rel}","templated":true}]}}