{"id":101,"date":"2019-06-02T04:06:49","date_gmt":"2019-06-02T02:06:49","guid":{"rendered":"http:\/\/womenhouse.cz\/?page_id=101"},"modified":"2021-04-14T23:20:39","modified_gmt":"2021-04-14T21:20:39","slug":"kontakt","status":"publish","type":"page","link":"https:\/\/womenhouse.cz\/index.php\/kontakt\/","title":{"rendered":"KONTAKT"},"content":{"rendered":"\n<div style=\"height:30px\" aria-hidden=\"true\" class=\"wp-block-spacer\"><\/div>\n\n\n\n<p id=\"block-a4c21e9b-5836-4139-82d5-887f6e7dd769\"><strong>HOUSE Media Group s.r.o. (HMG)<\/strong><\/p>\n\n\n\n<p id=\"block-8a454eae-af84-421e-8ba3-18feb773579e\">Rybn\u00e1 716\/24<\/p>\n\n\n\n<p id=\"block-716f0b29-523f-41e9-9922-f8d023b713b4\">Praha 1 \u2013 Star\u00e9 M\u011bsto, 110 00<\/p>\n\n\n\n<p id=\"block-2e375e3a-e813-4b8b-8007-c8020352d35e\">Doru\u010dovac\u00ed adresa na redakci v odkazu<strong>&nbsp;<a href=\"https:\/\/womenhouse.cz\/index.php\/kontakt-redakce\/\">ZDE<\/a><\/strong>.<\/p>\n\n\n\n<div style=\"height:30px\" aria-hidden=\"true\" class=\"wp-block-spacer\"><\/div>\n\n\n\n<p id=\"block-611ca476-5204-4209-b84c-13667a1a6817\"><strong>Obchodn\u00ed a marketingov\u00e9 odd\u011blen\u00ed<\/strong><\/p>\n\n\n\n<p id=\"block-c9d5a2cb-b755-44a1-b5b7-1a58ef1b3347\"><strong>Tel.:<\/strong>&nbsp;+420&nbsp;<strong>608 225 180<\/strong><\/p>\n\n\n\n<p id=\"block-5625fc88-7a77-4c4a-af67-d582a39172c8\"><strong>E-mail:<\/strong>&nbsp;obchod @ hmg.cz<\/p>\n\n\n\n<div style=\"height:30px\" aria-hidden=\"true\" class=\"wp-block-spacer\"><\/div>\n\n\n\n<p id=\"block-4b794d96-b21a-4762-b3fd-d574097cdb7a\"><strong>Redakce a veden\u00ed<\/strong><\/p>\n\n\n\n<p id=\"block-f6b12113-3e1a-4c3c-8814-3852b60dd8e2\"><strong>Tel.:<\/strong>&nbsp;+420<strong>&nbsp;774 827 590<\/strong><\/p>\n\n\n\n<p id=\"block-247aa8a0-2d83-4d75-ba88-fdcc3c1087d9\"><strong>E-mail:<\/strong>&nbsp;sefredaktor @ hmg.cz<\/p>\n\n\n\n<div style=\"height:100px\" aria-hidden=\"true\" class=\"wp-block-spacer\"><\/div>\n","protected":false},"excerpt":{"rendered":"<p>HOUSE Media Group s.r.o. (HMG) Rybn\u00e1 716\/24 Praha 1 \u2013 Star\u00e9 M\u011bsto, 110 00 Doru\u010dovac\u00ed adresa na redakci v odkazu&nbsp;ZDE. Obchodn\u00ed a marketingov\u00e9 odd\u011blen\u00ed Tel.:&nbsp;+420&nbsp;608 225 180 E-mail:&nbsp;obchod @ hmg.cz Redakce a veden\u00ed Tel.:&nbsp;+420&nbsp;774 827 590 E-mail:&nbsp;sefredaktor @ hmg.cz<\/p>\n","protected":false},"author":1,"featured_media":0,"parent":0,"menu_order":0,"comment_status":"closed","ping_status":"closed","template":"","meta":{"_mi_skip_tracking":false,"_monsterinsights_sitenote_active":false,"_monsterinsights_sitenote_note":"","_monsterinsights_sitenote_category":0,"footnotes":""},"yoast_head":"<!-- This site is optimized with the Yoast SEO plugin v21.5 - https:\/\/yoast.com\/wordpress\/plugins\/seo\/ -->\n<title>KONTAKT - WOMENHOUSE.cz<\/title>\n<meta name=\"robots\" content=\"index, follow, max-snippet:-1, max-image-preview:large, max-video-preview:-1\" \/>\n<link rel=\"canonical\" href=\"https:\/\/womenhouse.cz\/index.php\/kontakt\/\" \/>\n<meta property=\"og:locale\" content=\"cs_CZ\" \/>\n<meta property=\"og:type\" content=\"article\" \/>\n<meta property=\"og:title\" content=\"KONTAKT - WOMENHOUSE.cz\" \/>\n<meta property=\"og:description\" content=\"HOUSE Media Group s.r.o. (HMG) Rybn\u00e1 716\/24 Praha 1 \u2013 Star\u00e9 M\u011bsto, 110 00 Doru\u010dovac\u00ed adresa na redakci v odkazu&nbsp;ZDE. Obchodn\u00ed a marketingov\u00e9 odd\u011blen\u00ed Tel.:&nbsp;+420&nbsp;608 225 180 E-mail:&nbsp;obchod @ hmg.cz Redakce a veden\u00ed Tel.:&nbsp;+420&nbsp;774 827 590 E-mail:&nbsp;sefredaktor @ hmg.cz\" \/>\n<meta property=\"og:url\" content=\"https:\/\/womenhouse.cz\/index.php\/kontakt\/\" \/>\n<meta property=\"og:site_name\" content=\"WOMENHOUSE.cz\" \/>\n<meta property=\"article:publisher\" content=\"https:\/\/www.facebook.com\/womenhousecz\" \/>\n<meta property=\"article:modified_time\" content=\"2021-04-14T21:20:39+00:00\" \/>\n<meta name=\"twitter:card\" content=\"summary_large_image\" \/>\n<script type=\"application\/ld+json\" class=\"yoast-schema-graph\">{\"@context\":\"https:\/\/schema.org\",\"@graph\":[{\"@type\":\"WebPage\",\"@id\":\"https:\/\/womenhouse.cz\/index.php\/kontakt\/\",\"url\":\"https:\/\/womenhouse.cz\/index.php\/kontakt\/\",\"name\":\"KONTAKT - WOMENHOUSE.cz\",\"isPartOf\":{\"@id\":\"https:\/\/womenhouse.cz\/#website\"},\"datePublished\":\"2019-06-02T02:06:49+00:00\",\"dateModified\":\"2021-04-14T21:20:39+00:00\",\"breadcrumb\":{\"@id\":\"https:\/\/womenhouse.cz\/index.php\/kontakt\/#breadcrumb\"},\"inLanguage\":\"cs\",\"potentialAction\":[{\"@type\":\"ReadAction\",\"target\":[\"https:\/\/womenhouse.cz\/index.php\/kontakt\/\"]}]},{\"@type\":\"BreadcrumbList\",\"@id\":\"https:\/\/womenhouse.cz\/index.php\/kontakt\/#breadcrumb\",\"itemListElement\":[{\"@type\":\"ListItem\",\"position\":1,\"name\":\"Dom\u016f\",\"item\":\"https:\/\/womenhouse.cz\/\"},{\"@type\":\"ListItem\",\"position\":2,\"name\":\"KONTAKT\"}]},{\"@type\":\"WebSite\",\"@id\":\"https:\/\/womenhouse.cz\/#website\",\"url\":\"https:\/\/womenhouse.cz\/\",\"name\":\"WOMENHOUSE.cz\",\"description\":\"Port\u00e1l v\u00fdhradn\u011b jen pro \u017eeny...\",\"publisher\":{\"@id\":\"https:\/\/womenhouse.cz\/#organization\"},\"potentialAction\":[{\"@type\":\"SearchAction\",\"target\":{\"@type\":\"EntryPoint\",\"urlTemplate\":\"https:\/\/womenhouse.cz\/?s={search_term_string}\"},\"query-input\":\"required name=search_term_string\"}],\"inLanguage\":\"cs\"},{\"@type\":\"Organization\",\"@id\":\"https:\/\/womenhouse.cz\/#organization\",\"name\":\"WOMENHOUSE.cz\",\"url\":\"https:\/\/womenhouse.cz\/\",\"logo\":{\"@type\":\"ImageObject\",\"inLanguage\":\"cs\",\"@id\":\"https:\/\/womenhouse.cz\/#\/schema\/logo\/image\/\",\"url\":\"https:\/\/womenhouse.cz\/wp-content\/uploads\/2020\/06\/cropped-logo_Womenhouse_RGB-02-removebg-preview-1.png\",\"contentUrl\":\"https:\/\/womenhouse.cz\/wp-content\/uploads\/2020\/06\/cropped-logo_Womenhouse_RGB-02-removebg-preview-1.png\",\"width\":561,\"height\":375,\"caption\":\"WOMENHOUSE.cz\"},\"image\":{\"@id\":\"https:\/\/womenhouse.cz\/#\/schema\/logo\/image\/\"},\"sameAs\":[\"https:\/\/www.facebook.com\/womenhousecz\",\"https:\/\/www.instagram.com\/womenhousecz\/\"]}]}<\/script>\n<!-- \/ Yoast SEO plugin. -->","yoast_head_json":{"title":"KONTAKT - WOMENHOUSE.cz","robots":{"index":"index","follow":"follow","max-snippet":"max-snippet:-1","max-image-preview":"max-image-preview:large","max-video-preview":"max-video-preview:-1"},"canonical":"https:\/\/womenhouse.cz\/index.php\/kontakt\/","og_locale":"cs_CZ","og_type":"article","og_title":"KONTAKT - WOMENHOUSE.cz","og_description":"HOUSE Media Group s.r.o. (HMG) Rybn\u00e1 716\/24 Praha 1 \u2013 Star\u00e9 M\u011bsto, 110 00 Doru\u010dovac\u00ed adresa na redakci v odkazu&nbsp;ZDE. Obchodn\u00ed a marketingov\u00e9 odd\u011blen\u00ed Tel.:&nbsp;+420&nbsp;608 225 180 E-mail:&nbsp;obchod @ hmg.cz Redakce a veden\u00ed Tel.:&nbsp;+420&nbsp;774 827 590 E-mail:&nbsp;sefredaktor @ hmg.cz","og_url":"https:\/\/womenhouse.cz\/index.php\/kontakt\/","og_site_name":"WOMENHOUSE.cz","article_publisher":"https:\/\/www.facebook.com\/womenhousecz","article_modified_time":"2021-04-14T21:20:39+00:00","twitter_card":"summary_large_image","schema":{"@context":"https:\/\/schema.org","@graph":[{"@type":"WebPage","@id":"https:\/\/womenhouse.cz\/index.php\/kontakt\/","url":"https:\/\/womenhouse.cz\/index.php\/kontakt\/","name":"KONTAKT - WOMENHOUSE.cz","isPartOf":{"@id":"https:\/\/womenhouse.cz\/#website"},"datePublished":"2019-06-02T02:06:49+00:00","dateModified":"2021-04-14T21:20:39+00:00","breadcrumb":{"@id":"https:\/\/womenhouse.cz\/index.php\/kontakt\/#breadcrumb"},"inLanguage":"cs","potentialAction":[{"@type":"ReadAction","target":["https:\/\/womenhouse.cz\/index.php\/kontakt\/"]}]},{"@type":"BreadcrumbList","@id":"https:\/\/womenhouse.cz\/index.php\/kontakt\/#breadcrumb","itemListElement":[{"@type":"ListItem","position":1,"name":"Dom\u016f","item":"https:\/\/womenhouse.cz\/"},{"@type":"ListItem","position":2,"name":"KONTAKT"}]},{"@type":"WebSite","@id":"https:\/\/womenhouse.cz\/#website","url":"https:\/\/womenhouse.cz\/","name":"WOMENHOUSE.cz","description":"Port\u00e1l v\u00fdhradn\u011b jen pro \u017eeny...","publisher":{"@id":"https:\/\/womenhouse.cz\/#organization"},"potentialAction":[{"@type":"SearchAction","target":{"@type":"EntryPoint","urlTemplate":"https:\/\/womenhouse.cz\/?s={search_term_string}"},"query-input":"required name=search_term_string"}],"inLanguage":"cs"},{"@type":"Organization","@id":"https:\/\/womenhouse.cz\/#organization","name":"WOMENHOUSE.cz","url":"https:\/\/womenhouse.cz\/","logo":{"@type":"ImageObject","inLanguage":"cs","@id":"https:\/\/womenhouse.cz\/#\/schema\/logo\/image\/","url":"https:\/\/womenhouse.cz\/wp-content\/uploads\/2020\/06\/cropped-logo_Womenhouse_RGB-02-removebg-preview-1.png","contentUrl":"https:\/\/womenhouse.cz\/wp-content\/uploads\/2020\/06\/cropped-logo_Womenhouse_RGB-02-removebg-preview-1.png","width":561,"height":375,"caption":"WOMENHOUSE.cz"},"image":{"@id":"https:\/\/womenhouse.cz\/#\/schema\/logo\/image\/"},"sameAs":["https:\/\/www.facebook.com\/womenhousecz","https:\/\/www.instagram.com\/womenhousecz\/"]}]}},"_links":{"self":[{"href":"https:\/\/womenhouse.cz\/index.php\/wp-json\/wp\/v2\/pages\/101"}],"collection":[{"href":"https:\/\/womenhouse.cz\/index.php\/wp-json\/wp\/v2\/pages"}],"about":[{"href":"https:\/\/womenhouse.cz\/index.php\/wp-json\/wp\/v2\/types\/page"}],"author":[{"embeddable":true,"href":"https:\/\/womenhouse.cz\/index.php\/wp-json\/wp\/v2\/users\/1"}],"replies":[{"embeddable":true,"href":"https:\/\/womenhouse.cz\/index.php\/wp-json\/wp\/v2\/comments?post=101"}],"version-history":[{"count":2,"href":"https:\/\/womenhouse.cz\/index.php\/wp-json\/wp\/v2\/pages\/101\/revisions"}],"predecessor-version":[{"id":5180,"href":"https:\/\/womenhouse.cz\/index.php\/wp-json\/wp\/v2\/pages\/101\/revisions\/5180"}],"wp:attachment":[{"href":"https:\/\/womenhouse.cz\/index.php\/wp-json\/wp\/v2\/media?parent=101"}],"curies":[{"name":"wp","href":"https:\/\/api.w.org\/{rel}","templated":true}]}}